{"id":6672,"date":"2021-05-10T15:35:02","date_gmt":"2021-05-10T15:35:02","guid":{"rendered":"https:\/\/phoenixafricaholding.com\/pcm\/?page_id=6672"},"modified":"2021-06-03T11:17:29","modified_gmt":"2021-06-03T11:17:29","slug":"didier-aphing-kouassi","status":"publish","type":"page","link":"https:\/\/phoenixafricaholding.com\/pcm\/didier-aphing-kouassi\/","title":{"rendered":"Didier APHING-KOUASSI"},"content":{"rendered":"\t\t<div data-elementor-type=\"wp-page\" data-elementor-id=\"6672\" class=\"elementor elementor-6672\" data-elementor-settings=\"[]\">\n\t\t\t\t\t\t\t<div class=\"elementor-section-wrap\">\n\t\t\t\t\t        <section class=\"elementor-section elementor-top-section elementor-element elementor-element-3d50e7a elementor-section-boxed elementor-section-height-default elementor-section-height-default\" data-id=\"3d50e7a\" data-element_type=\"section\">\n            \n                        <div class=\"elementor-container elementor-column-gap-default \">\n                    <div class=\"elementor-column elementor-col-100 elementor-top-column elementor-element elementor-element-3a357f7\" data-id=\"3a357f7\" data-element_type=\"column\">\n            <div class=\"elementor-widget-wrap elementor-element-populated\">\n                        \t\t<div class=\"elementor-element elementor-element-46b0a88 elementor-widget elementor-widget-spacer\" data-id=\"46b0a88\" data-element_type=\"widget\" data-widget_type=\"spacer.default\">\n\t\t\t\t<div class=\"elementor-widget-container\">\n\t\t\t\t\t<div class=\"elementor-spacer\">\n\t\t\t<div class=\"elementor-spacer-inner\"><\/div>\n\t\t<\/div>\n\t\t\t\t<\/div>\n\t\t\t\t<\/div>\n\t\t            <\/div>\n        <\/div>\n                            <\/div>\n        <\/section>\n                <section class=\"elementor-section elementor-top-section elementor-element elementor-element-2b0ab90 elementor-section-boxed elementor-section-height-default elementor-section-height-default\" data-id=\"2b0ab90\" data-element_type=\"section\">\n            \n                        <div class=\"elementor-container elementor-column-gap-default \">\n                    <div class=\"elementor-column elementor-col-50 elementor-top-column elementor-element elementor-element-11c2a9c\" data-id=\"11c2a9c\" data-element_type=\"column\">\n            <div class=\"elementor-widget-wrap elementor-element-populated\">\n                        \t\t<div class=\"elementor-element elementor-element-66e4928 elementor-widget elementor-widget-ct_banner\" data-id=\"66e4928\" data-element_type=\"widget\" data-widget_type=\"ct_banner.default\">\n\t\t\t\t<div class=\"elementor-widget-container\">\n\t\t\t<div class=\"ct-banner1\">\r\n\t<div class=\"ct-banner-imge\">\r\n    \t<img loading=\"lazy\" decoding=\"async\" width=\"305\" height=\"400\" src=\"https:\/\/phoenixafricaholding.com\/pcm\/wp-content\/uploads\/2021\/05\/Didier-APHING-KOUASSIs.jpg\" class=\"attachment-full size-full\" alt=\"\" \/>        <h3 class=\"ct-banner-title\"><\/h3>\r\n    <\/div>\r\n<\/div>\t\t<\/div>\n\t\t\t\t<\/div>\n\t\t\t\t<div class=\"elementor-element elementor-element-3b73102 elementor-widget elementor-widget-text-editor\" data-id=\"3b73102\" data-element_type=\"widget\" data-widget_type=\"text-editor.default\">\n\t\t\t\t<div class=\"elementor-widget-container\">\n\t\t\t\t\t\t\t\t\t\t\t\t\t\t<\/div>\n\t\t\t\t<\/div>\n\t\t            <\/div>\n        <\/div>\n                <div class=\"elementor-column elementor-col-50 elementor-top-column elementor-element elementor-element-7b7535c\" data-id=\"7b7535c\" data-element_type=\"column\">\n            <div class=\"elementor-widget-wrap elementor-element-populated\">\n                        \t\t<div class=\"elementor-element elementor-element-4393d8e elementor-widget elementor-widget-ct_title\" data-id=\"4393d8e\" data-element_type=\"widget\" data-widget_type=\"ct_title.default\">\n\t\t\t\t<div class=\"elementor-widget-container\">\n\t\t\t<div class=\"ct-title1 style1\">\r\n    <h3>\r\n        <span>Didier APHING-KOUASSI<\/span>\r\n        <i><\/i>\r\n    <\/h3>\r\n<\/div>\t\t<\/div>\n\t\t\t\t<\/div>\n\t\t\t\t<div class=\"elementor-element elementor-element-3bfc732 elementor-widget elementor-widget-ct_title\" data-id=\"3bfc732\" data-element_type=\"widget\" data-widget_type=\"ct_title.default\">\n\t\t\t\t<div class=\"elementor-widget-container\">\n\t\t\t<div class=\"ct-title1 style1\">\r\n    <h3>\r\n        <span>Directeur G\u00e9n\u00e9ral<\/span>\r\n        <i><\/i>\r\n    <\/h3>\r\n<\/div>\t\t<\/div>\n\t\t\t\t<\/div>\n\t\t\t\t<div class=\"elementor-element elementor-element-12ca92b elementor-widget elementor-widget-text-editor\" data-id=\"12ca92b\" data-element_type=\"widget\" data-widget_type=\"text-editor.default\">\n\t\t\t\t<div class=\"elementor-widget-container\">\n\t\t\t\t\t\t\t\t<p>Depuis septembre 2020, M. Didier Aphing-Kouassi, ant\u00e9rieurement Directeur G\u00e9n\u00e9ral Adjoint de Phoenix Capital Management depuis 2018, occupe la fonction de Directeur G\u00e9n\u00e9ral chez Ph\u0153nix Capital Management (PCM) et dirige parall\u00e8lement le D\u00e9partement d\u2019ing\u00e9nierie financi\u00e8re.\u00a0<\/p>\t\t\t\t\t\t<\/div>\n\t\t\t\t<\/div>\n\t\t            <\/div>\n        <\/div>\n                            <\/div>\n        <\/section>\n                <section class=\"elementor-section elementor-top-section elementor-element elementor-element-bd992da elementor-section-boxed elementor-section-height-default elementor-section-height-default\" data-id=\"bd992da\" data-element_type=\"section\">\n            \n                        <div class=\"elementor-container elementor-column-gap-default \">\n                    <div class=\"elementor-column elementor-col-100 elementor-top-column elementor-element elementor-element-71c51c9\" data-id=\"71c51c9\" data-element_type=\"column\">\n            <div class=\"elementor-widget-wrap elementor-element-populated\">\n                        \t\t<div class=\"elementor-element elementor-element-9899aea elementor-widget elementor-widget-spacer\" data-id=\"9899aea\" data-element_type=\"widget\" data-widget_type=\"spacer.default\">\n\t\t\t\t<div class=\"elementor-widget-container\">\n\t\t\t\t\t<div class=\"elementor-spacer\">\n\t\t\t<div class=\"elementor-spacer-inner\"><\/div>\n\t\t<\/div>\n\t\t\t\t<\/div>\n\t\t\t\t<\/div>\n\t\t            <\/div>\n        <\/div>\n                            <\/div>\n        <\/section>\n                <section class=\"elementor-section elementor-top-section elementor-element elementor-element-8a3aa18 elementor-section-boxed elementor-section-height-default elementor-section-height-default\" data-id=\"8a3aa18\" data-element_type=\"section\">\n            \n                        <div class=\"elementor-container elementor-column-gap-default \">\n                    <div class=\"elementor-column elementor-col-100 elementor-top-column elementor-element elementor-element-bcd14c8\" data-id=\"bcd14c8\" data-element_type=\"column\">\n            <div class=\"elementor-widget-wrap elementor-element-populated\">\n                        \t\t<div class=\"elementor-element elementor-element-846fc42 elementor-widget elementor-widget-ct_text_editor\" data-id=\"846fc42\" data-element_type=\"widget\" data-widget_type=\"ct_text_editor.default\">\n\t\t\t\t<div class=\"elementor-widget-container\">\n\t\t\t<div id=\"ct_text_editor-846fc42\" class=\"ct-text-editor \" data-wow-delay=\"ms\">\n\t<div class=\"ct-inline-css\"  data-css=\"\n        \t\t\">\n\n    <\/div>\n\t<div class=\"ct-text-editor elementor-clearfix\">\n\t\t<p>De juin 2013 \u00e0 f\u00e9vrier 2018, il \u00e9tait Directeur G\u00e9n\u00e9ral de DAK CONSULTING, Consultant financier ivoirien engag\u00e9 dans le d\u00e9veloppement de l\u2019\u00e9conomie africaine, avec pour objectif principal l\u2019accompagnement d\u2019institutionnels, PMEs et start-ups dans la structuration de financements complexes, la recherche de solutions de placements et d\u2019interm\u00e9diation aupr\u00e8s de partenaires institutionnels et commerciaux.<\/p><p>Avant cette p\u00e9riode, de f\u00e9vrier 2008 \u00e0 mai 2013, il a rejoint la banque Ecobank Transnational Incorporated (ETI) au sein de laquelle il a occup\u00e9 diff\u00e9rentes fonctions ex\u00e9cutives et d\u2019administrateurs comme Vice-Pr\u00e9sident, Directeur Groupe Corporate Banking en charge des filiales (14) UEMOA et CEMAC, ayant sous sa responsabilit\u00e9 les op\u00e9rations de Cr\u00e9dit, Marketing, Trade et Cash Management des portefeuilles de soci\u00e9t\u00e9s multinationales et r\u00e9gionales, de banques commerciales et d\u2019investissements, d\u2019Institutions financi\u00e8res et organismes de pr\u00e9voyance sociale, d\u2019organisations internationales et de soci\u00e9t\u00e9s d\u2019Etat.<\/p><p>Aussi, Didier Aphing-Kouassi, sur la p\u00e9riode 2000 \u00e0 2008, a occup\u00e9 diverses fonctions au sein de la banque Citibank (C\u00f4te d\u2019Ivoire, S\u00e9n\u00e9gal), respectivement comme Directeur des Institutions Financi\u00e8res, Directeur du Corporate Bank et de la banque de transactions (Global Transactions services) avec le titre de Vice-Pr\u00e9sident.<\/p><p>De 1996 \u00e0 2000, Didier a exerc\u00e9 respectivement comme Consultant et Auditeur financier et comptable au sein de la filiale ivoirienne du Cabinet Deloitte &amp; Touche. Ses missions s\u2019\u00e9tendent en Afrique de l\u2019Ouest, Afrique de l\u2019Est et dans le Maghreb.\u00a0\u00a0<\/p><p>Dipl\u00f4m\u00e9 d\u2019un DEUG en droit de l\u2019Universit\u00e9 de C\u00f4te d\u2019Ivoire, de l\u2019Ecole des Hautes Etudes Commerciales de Montr\u00e9al (HEC) et de l\u2019INSEAD, il totalise \u00e0 ce jour plus de 24 ann\u00e9es professionnelles dans les secteurs de la finance et du conseil en organisation.<\/p>\t\t\n\t<\/div>\n<\/div>\t\t<\/div>\n\t\t\t\t<\/div>\n\t\t            <\/div>\n        <\/div>\n                            <\/div>\n        <\/section>\n                <section class=\"elementor-section elementor-top-section elementor-element elementor-element-15a79e5 elementor-section-boxed elementor-section-height-default elementor-section-height-default\" data-id=\"15a79e5\" data-element_type=\"section\">\n            \n                        <div class=\"elementor-container elementor-column-gap-default \">\n                    <div class=\"elementor-column elementor-col-100 elementor-top-column elementor-element elementor-element-ae24f1f\" data-id=\"ae24f1f\" data-element_type=\"column\">\n            <div class=\"elementor-widget-wrap elementor-element-populated\">\n                        \t\t<div class=\"elementor-element elementor-element-caf0f8e elementor-widget elementor-widget-spacer\" data-id=\"caf0f8e\" data-element_type=\"widget\" data-widget_type=\"spacer.default\">\n\t\t\t\t<div class=\"elementor-widget-container\">\n\t\t\t\t\t<div class=\"elementor-spacer\">\n\t\t\t<div class=\"elementor-spacer-inner\"><\/div>\n\t\t<\/div>\n\t\t\t\t<\/div>\n\t\t\t\t<\/div>\n\t\t            <\/div>\n        <\/div>\n                            <\/div>\n        <\/section>\n        \t\t\t\t<\/div>\n\t\t\t\t\t<\/div>\n\t\t","protected":false},"excerpt":{"rendered":"<p>Didier APHING-KOUASSI Directeur G\u00e9n\u00e9ral Depuis septembre 2020, M. Didier Aphing-Kouassi, ant\u00e9rieurement Directeur G\u00e9n\u00e9ral Adjoint de Phoenix Capital Management depuis 2018, occupe la fonction de Directeur G\u00e9n\u00e9ral chez Ph\u0153nix Capital Management (PCM) et dirige parall\u00e8lement le D\u00e9partement d\u2019ing\u00e9nierie financi\u00e8re.\u00a0 De juin 2013 \u00e0 f\u00e9vrier 2018, il \u00e9tait Directeur G\u00e9n\u00e9ral de DAK CONSULTING, Consultant financier ivoirien engag\u00e9 [&hellip;]<\/p>\n","protected":false},"author":1,"featured_media":0,"parent":0,"menu_order":0,"comment_status":"closed","ping_status":"closed","template":"","meta":{"footnotes":""},"class_list":["post-6672","page","type-page","status-publish","hentry"],"_links":{"self":[{"href":"https:\/\/phoenixafricaholding.com\/pcm\/wp-json\/wp\/v2\/pages\/6672","targetHints":{"allow":["GET"]}}],"collection":[{"href":"https:\/\/phoenixafricaholding.com\/pcm\/wp-json\/wp\/v2\/pages"}],"about":[{"href":"https:\/\/phoenixafricaholding.com\/pcm\/wp-json\/wp\/v2\/types\/page"}],"author":[{"embeddable":true,"href":"https:\/\/phoenixafricaholding.com\/pcm\/wp-json\/wp\/v2\/users\/1"}],"replies":[{"embeddable":true,"href":"https:\/\/phoenixafricaholding.com\/pcm\/wp-json\/wp\/v2\/comments?post=6672"}],"version-history":[{"count":22,"href":"https:\/\/phoenixafricaholding.com\/pcm\/wp-json\/wp\/v2\/pages\/6672\/revisions"}],"predecessor-version":[{"id":7218,"href":"https:\/\/phoenixafricaholding.com\/pcm\/wp-json\/wp\/v2\/pages\/6672\/revisions\/7218"}],"wp:attachment":[{"href":"https:\/\/phoenixafricaholding.com\/pcm\/wp-json\/wp\/v2\/media?parent=6672"}],"curies":[{"name":"wp","href":"https:\/\/api.w.org\/{rel}","templated":true}]}}